{"id":106,"date":"2019-06-11T20:45:40","date_gmt":"2019-06-11T20:45:40","guid":{"rendered":"http:\/\/geopbu.us\/wp_hu\/?page_id=106"},"modified":"2020-03-03T12:21:43","modified_gmt":"2020-03-03T12:21:43","slug":"facility-management","status":"publish","type":"page","link":"https:\/\/geopbu.us\/wp_hu\/?page_id=106","title":{"rendered":"Facility Management"},"content":{"rendered":"\n<p><span style=\"font-style: italic; font-weight: bold;\">\u2026teljes szolg\u00e1ltat\u00e1si k\u00f6r\u00e9re kiterjed\u0151 tev\u00e9kenys\u00e9gek&#8230;<\/span><\/p><br>\n                <br>\n                <table width=\"100%\">\n                <tbody><tr>\n                <td>\n                <span style=\"font-weight: bold;\">Ingatlangazd\u00e1lkod\u00e1s<\/span>\n                <br>\n                <ul>\n                <li style=\"list-style: none\">Ingatlan hasznos\u00edt\u00e1sa<\/li>\n                <li style=\"list-style-type: none\">B\u00e9rl\u0151 kezel\u00e9s<\/li>\n                <li style=\"list-style-type: none\">\u00c9rt\u00e9kes\u00edt\u00e9sbe val\u00f3 k\u00f6zrem\u0171k\u00f6d\u00e9s<\/li>\n                <li style=\"list-style-type: none\">Az ingatlantulajdonos k\u00e9pviselete<\/li><\/ul><p><br><\/p><p>&nbsp;<img loading=\"lazy\" decoding=\"async\" width=\"180\" height=\"121\" alt=\"\" class=\"gob-lightbox\" src=\"images\/shutterstock_29068555.jpg\"><\/p><\/td><td><span style=\"font-weight: bold;\">\u00dczemeltet\u00e9s<\/span>\n                <ul>\n                <li style=\"list-style-type: none\">Biztons\u00e1gi szolg\u00e1lat<\/li>\n                <li style=\"list-style-type: none\">Higi\u00e9nia,- takar\u00edt\u00e1s<\/li>\n                <li style=\"list-style-type: none\">Karbantart\u00e1s<\/li>\n                <li style=\"list-style-type: none\">Hibaelh\u00e1r\u00edt\u00e1s<\/li>\n                <li style=\"list-style-type: none\">Jav\u00edt\u00e1s<\/li>\n                <li style=\"list-style-type: none\">Kert\u00e9szet<\/li>\n                <li style=\"list-style-type: none\">K\u00e1rtev\u0151 mentes\u00edt\u00e9s<\/li>\n                <li style=\"list-style-type: none\">Els\u0151seg\u00e9ly<\/li>\n                <li style=\"list-style-type: none\">Bels\u0151 \u00e9tterem \u00e9s B\u00fcf\u00e9<\/li>\n                <li style=\"list-style-type: none\">Bels\u0151 postaszolg\u00e1ltat\u00e1s<\/li>\n                <li style=\"list-style-type: none\">K\u00f6rnyezetv\u00e9delem<\/li>\n                <li style=\"list-style-type: none\">Hullad\u00e9kkezel\u00e9s<\/li>\n                <li style=\"list-style-type: none\">Hullad\u00e9ksz\u00e1ll\u00edt\u00e1s<\/li>\n                <li style=\"list-style-type: none\">Energiaell\u00e1t\u00e1s<\/li>\n                <li style=\"list-style-type: none\">Anyagbeszerz\u00e9s<\/li>\n                <li style=\"list-style-type: none\">Kapcsolattart\u00e1s<\/li>\n                <li style=\"list-style-type: none\">Archiv\u00e1l\u00e1s<\/li>\n                <li style=\"list-style-type: none\">K\u00f6lt\u00f6ztet\u00e9s<\/li>\n                <\/ul>\n                <\/td>\n                <td>\n                <span style=\"font-weight: bold;\">Eszk\u00f6zgazd\u00e1lkod\u00e1s<\/span>\n                <ul>\n                <li style=\"list-style: none\">Lelt\u00e1r<\/li>\n                <li style=\"list-style-type: none\">Bels\u0151 anyag \u00e9s eszk\u00f6zmozgat\u00e1s<\/li>\n                <li style=\"list-style-type: none\">Rakt\u00e1roz\u00e1s<\/li>\n                <li style=\"list-style-type: none\">Beszerz\u00e9s<\/li><\/ul><p><br><\/p><p><img loading=\"lazy\" decoding=\"async\" width=\"180\" height=\"180\" alt=\"\" class=\"gob-lightbox\" src=\"images\/Fotolia_28025822_X-04.jpg\"><br><\/p><ul>\n                <\/ul>\n                <\/td>\n                <\/tr>\n                <\/tbody><\/table>\n","protected":false},"excerpt":{"rendered":"<p>\u2026teljes szolg\u00e1ltat\u00e1si k\u00f6r\u00e9re kiterjed\u0151 tev\u00e9kenys\u00e9gek&#8230; Ingatlangazd\u00e1lkod\u00e1s Ingatlan hasznos\u00edt\u00e1sa B\u00e9rl\u0151 kezel\u00e9s \u00c9rt\u00e9kes\u00edt\u00e9sbe val\u00f3 k\u00f6zrem\u0171k\u00f6d\u00e9s Az ingatlantulajdonos k\u00e9pviselete &nbsp; \u00dczemeltet\u00e9s Biztons\u00e1gi szolg\u00e1lat Higi\u00e9nia,- takar\u00edt\u00e1s Karbantart\u00e1s Hibaelh\u00e1r\u00edt\u00e1s Jav\u00edt\u00e1s Kert\u00e9szet K\u00e1rtev\u0151 mentes\u00edt\u00e9s Els\u0151seg\u00e9ly Bels\u0151 \u00e9tterem \u00e9s B\u00fcf\u00e9 Bels\u0151 postaszolg\u00e1ltat\u00e1s K\u00f6rnyezetv\u00e9delem Hullad\u00e9kkezel\u00e9s Hullad\u00e9ksz\u00e1ll\u00edt\u00e1s Energiaell\u00e1t\u00e1s Anyagbeszerz\u00e9s Kapcsolattart\u00e1s Archiv\u00e1l\u00e1s K\u00f6lt\u00f6ztet\u00e9s Eszk\u00f6zgazd\u00e1lkod\u00e1s Lelt\u00e1r Bels\u0151 anyag \u00e9s eszk\u00f6zmozgat\u00e1s Rakt\u00e1roz\u00e1s Beszerz\u00e9s<\/p>\n","protected":false},"author":1,"featured_media":0,"parent":0,"menu_order":0,"comment_status":"closed","ping_status":"closed","template":"","meta":{"footnotes":""},"class_list":["post-106","page","type-page","status-publish","hentry"],"_links":{"self":[{"href":"https:\/\/geopbu.us\/wp_hu\/index.php?rest_route=\/wp\/v2\/pages\/106","targetHints":{"allow":["GET"]}}],"collection":[{"href":"https:\/\/geopbu.us\/wp_hu\/index.php?rest_route=\/wp\/v2\/pages"}],"about":[{"href":"https:\/\/geopbu.us\/wp_hu\/index.php?rest_route=\/wp\/v2\/types\/page"}],"author":[{"embeddable":true,"href":"https:\/\/geopbu.us\/wp_hu\/index.php?rest_route=\/wp\/v2\/users\/1"}],"replies":[{"embeddable":true,"href":"https:\/\/geopbu.us\/wp_hu\/index.php?rest_route=%2Fwp%2Fv2%2Fcomments&post=106"}],"version-history":[{"count":0,"href":"https:\/\/geopbu.us\/wp_hu\/index.php?rest_route=\/wp\/v2\/pages\/106\/revisions"}],"wp:attachment":[{"href":"https:\/\/geopbu.us\/wp_hu\/index.php?rest_route=%2Fwp%2Fv2%2Fmedia&parent=106"}],"curies":[{"name":"wp","href":"https:\/\/api.w.org\/{rel}","templated":true}]}}