{"id":121,"date":"2020-03-02T10:35:05","date_gmt":"2020-03-02T10:35:05","guid":{"rendered":"http:\/\/geopbu.us\/wp_hu\/?page_id=121"},"modified":"2024-06-28T06:35:25","modified_gmt":"2024-06-28T06:35:25","slug":"felhasznalasi-feltetelek","status":"publish","type":"page","link":"https:\/\/geopbu.us\/wp_hu\/?page_id=121","title":{"rendered":"Felhaszn\u00e1l\u00e1si felt\u00e9telek"},"content":{"rendered":"\n<h2 class=\"wp-block-heading\">Felhaszn\u00e1l\u00e1si felt\u00e9telek<\/h2>\n\n\n\n<p>A jelen honlapon megjelen\u0151 szellemi alkot\u00e1sok <em>(fot\u00f3k, vide\u00f3k, stb)<\/em> a szerz\u0151i jogr\u00f3l sz\u00f3l\u00f3 1999. \u00e9vi LXXVI. t\u00f6rv\u00e9ny <em>(Szjt.)<\/em> rendelkez\u00e9seinek megfelel\u0151en szerz\u0151i jogi v\u00e9delem alatt \u00e1llnak, felhaszn\u00e1l\u00e1suk kiz\u00e1r\u00f3lag az Szjt. rendelkez\u00e9seinek megfelel\u0151en szabad. Minden, a szabad felhaszn\u00e1l\u00e1s hat\u00e1r\u00e1t meghalad\u00f3 felhaszn\u00e1l\u00e1shoz a jogtulajdonos hozz\u00e1j\u00e1rul\u00e1sa sz\u00fcks\u00e9ges.<\/p>\n\n\n\n<p><strong>A jelen honlapon megjelen\u0151 szellemi alkot\u00e1sok jogtulajdonosa:<\/strong> Szab\u00f3 Kriszti\u00e1nn\u00e9 &#8211; \u00dcgyvezet\u0151<\/p>\n\n\n\n<p><strong>A jelen honlap m\u0171k\u00f6dtet\u0151je:<\/strong> General Operation Building Kft.<\/p>\n\n\n\n<p>A szellemi alkot\u00e1sok a honlap rendeltet\u00e9sszer\u0171 haszn\u00e1lat\u00e1val velej\u00e1r\u00f3 olvas\u00e1son, k\u00e9perny\u0151n t\u00f6rt\u00e9n\u0151 megjelen\u00edt\u00e9sen \u00e9s az ehhez sz\u00fcks\u00e9ges ideiglenes t\u00f6bbsz\u00f6r\u00f6z\u00e9sen, tov\u00e1bb\u00e1 a szem\u00e9lyes <em>\u2013 nem-kereskedelmi \u2013<\/em> c\u00e9lb\u00f3l t\u00f6rt\u00e9n\u0151 merevlemezre t\u00f6rt\u00e9n\u0151 lement\u00e9sen \u00e9s kinyomtat\u00e1son t\u00fal semmilyen egy\u00e9b form\u00e1ban nem haszn\u00e1lhat\u00f3ak fel vagy hasznos\u00edthat\u00f3ak a jogtulajdonos el\u0151zetes \u00edr\u00e1sbeli enged\u00e9ly\u00e9nek hi\u00e1ny\u00e1ban.<\/p>\n\n\n\n<p>A fentieknek megfelel\u0151en tilos k\u00fcl\u00f6n\u00f6sen, de nem kiz\u00e1r\u00f3lag, a honlapon elhelyezett szellemi alkot\u00e1sok m\u00e1s honlapon vagy b\u00e1rmely m\u00e1s <em>\u2013nyomtatott vagy elektronikus \u2013<\/em> form\u00e1ban val\u00f3 megjelen\u00edt\u00e9se, b\u00e1rmilyen t\u00f6bbsz\u00f6r\u00f6z\u00e9se, terjeszt\u00e9se, az Szjt. szerinti \u00e1tdolgoz\u00e1sa, illet\u0151leg b\u00e1rmilyen m\u00e1s, a szabad felhaszn\u00e1l\u00e1son t\u00falmutat\u00f3 felhaszn\u00e1l\u00e1sa vagy hasznos\u00edt\u00e1sa, ak\u00e1r kereskedelmi, ak\u00e1r m\u00e1s c\u00e9lb\u00f3l.<\/p>\n\n\n\n<p>Felh\u00edvjuk figyelm\u00e9t, hogy a honlapon elhelyezett szellemi alkot\u00e1sok fentit\u0151l elt\u00e9r\u0151 m\u00f3don vagy m\u00e9rt\u00e9kben t\u00f6rt\u00e9n\u0151 \u00e1tv\u00e9tele szerz\u0151i jogot s\u00e9rt, \u00e9s az oldal \u00fczemeltet\u0151je minden esetben jogi l\u00e9p\u00e9seket tesz a jogs\u00e9rt\u00e9s megsz\u00fcntet\u00e9s\u00e9re.<\/p>\n\n\n\n<p>Amennyiben a szabad felhaszn\u00e1l\u00e1st meghalad\u00f3an k\u00edv\u00e1nja felhaszn\u00e1lni a jelen honlapon elhelyezett b\u00e1rmely szerz\u0151i jogi tartalmat, \u00fagy a honlap fent megjel\u00f6lt jogtulajdonos\u00e1val vegye fel a kapcsolatot!<\/p>\n","protected":false},"excerpt":{"rendered":"<p>Felhaszn\u00e1l\u00e1si felt\u00e9telek A jelen honlapon megjelen\u0151 szellemi alkot\u00e1sok (fot\u00f3k, vide\u00f3k, stb) a szerz\u0151i jogr\u00f3l sz\u00f3l\u00f3 1999. \u00e9vi LXXVI. t\u00f6rv\u00e9ny (Szjt.) rendelkez\u00e9seinek megfelel\u0151en szerz\u0151i jogi v\u00e9delem alatt \u00e1llnak, felhaszn\u00e1l\u00e1suk kiz\u00e1r\u00f3lag az Szjt. rendelkez\u00e9seinek megfelel\u0151en szabad. Minden, a szabad felhaszn\u00e1l\u00e1s hat\u00e1r\u00e1t meghalad\u00f3 felhaszn\u00e1l\u00e1shoz a jogtulajdonos hozz\u00e1j\u00e1rul\u00e1sa sz\u00fcks\u00e9ges. A jelen honlapon megjelen\u0151 szellemi alkot\u00e1sok jogtulajdonosa: Szab\u00f3 Kriszti\u00e1nn\u00e9 &#8211; [&hellip;]<\/p>\n","protected":false},"author":1,"featured_media":0,"parent":0,"menu_order":0,"comment_status":"closed","ping_status":"closed","template":"","meta":{"footnotes":""},"class_list":["post-121","page","type-page","status-publish","hentry"],"_links":{"self":[{"href":"https:\/\/geopbu.us\/wp_hu\/index.php?rest_route=\/wp\/v2\/pages\/121","targetHints":{"allow":["GET"]}}],"collection":[{"href":"https:\/\/geopbu.us\/wp_hu\/index.php?rest_route=\/wp\/v2\/pages"}],"about":[{"href":"https:\/\/geopbu.us\/wp_hu\/index.php?rest_route=\/wp\/v2\/types\/page"}],"author":[{"embeddable":true,"href":"https:\/\/geopbu.us\/wp_hu\/index.php?rest_route=\/wp\/v2\/users\/1"}],"replies":[{"embeddable":true,"href":"https:\/\/geopbu.us\/wp_hu\/index.php?rest_route=%2Fwp%2Fv2%2Fcomments&post=121"}],"version-history":[{"count":2,"href":"https:\/\/geopbu.us\/wp_hu\/index.php?rest_route=\/wp\/v2\/pages\/121\/revisions"}],"predecessor-version":[{"id":377,"href":"https:\/\/geopbu.us\/wp_hu\/index.php?rest_route=\/wp\/v2\/pages\/121\/revisions\/377"}],"wp:attachment":[{"href":"https:\/\/geopbu.us\/wp_hu\/index.php?rest_route=%2Fwp%2Fv2%2Fmedia&parent=121"}],"curies":[{"name":"wp","href":"https:\/\/api.w.org\/{rel}","templated":true}]}}