{"id":124,"date":"2020-03-02T10:44:29","date_gmt":"2020-03-02T10:44:29","guid":{"rendered":"http:\/\/geopbu.us\/wp_hu\/?page_id=124"},"modified":"2024-06-28T06:37:20","modified_gmt":"2024-06-28T06:37:20","slug":"impresszum","status":"publish","type":"page","link":"https:\/\/geopbu.us\/wp_hu\/?page_id=124","title":{"rendered":"Impresszum"},"content":{"rendered":"\n<h2 class=\"wp-block-heading\">A weblap technikai adatai<\/h2>\n\n\n\n<p>\u2013 <strong>Tulajdonos:<\/strong> Szab\u00f3 Kriszti\u00e1n \u2013 Telefon: +36 70 394 2614<\/p>\n\n\n\n<p>\u2013 <strong>\u00dczemeltet\u0151:<\/strong> General Operation Building Kft.<\/p>\n\n\n\n<p>\u2013 <strong>Szerver, webhost:<\/strong> V-System Team Kft.<\/p>\n\n\n\n<p>\u2013 <strong>A honlap a ny\u00edlt forr\u00e1sk\u00f3d\u00fa&nbsp;WordPress&nbsp;tartalomszolg\u00e1ltat\u00f3 rendszer alatt fut.<\/strong><\/p>\n\n\n\n<p>\u2013 <strong>Aj\u00e1nlott b\u00f6ng\u00e9sz\u0151:<\/strong> Mozilla Firefox, vagy Google Chrome, de a t\u00f6bbi b\u00f6ng\u00e9sz\u0151<br><em>(Safari, Internet explorer)<\/em> is tesztelt\u00fck a honlapot \u00e9s ezek alatt is kiv\u00e1l\u00f3an m\u0171k\u00f6dik.<br>A weboldal k\u00e9sz\u00edt\u00e9s\u00e9n\u00e9l figyelembe vett\u00fck a mobil eszk\u00f6z\u00f6ket is, \u00edgy teljesen mobilbar\u00e1t az oldal.<\/p>\n\n\n\n<h4 class=\"wp-block-heading\">A honlap k\u00e9sz\u00edt\u0151i<\/h4>\n\n\n\n<p><strong>Design, tartalom:<\/strong> Pletser Tam\u00e1s &amp; Szab\u00f3 Kriszti\u00e1nn\u00e9<\/p>\n\n\n\n<p><em>Az oldalon felhaszn\u00e1ltunk k\u00e9peket, term\u00e9szetesen a tulajdonos vagy k\u00e9sz\u00edt\u0151 beleegyez\u00e9s\u00e9vel.<\/em><\/p>\n\n\n\n<p><strong>F\u0151szerkeszt\u0151:<\/strong>&nbsp;Pletser Tam\u00e1s<\/p>\n\n\n\n<p><strong>Grafika:<\/strong><\/p>\n\n\n\n<ul class=\"wp-block-list\">\n<li><strong>Heller Istv\u00e1n<\/strong> \u2013 <em>SHX Gold&nbsp;\u2013 Dekor &amp; Design Team<\/em><\/li>\n\n\n\n<li><strong>PxHere.com<\/strong> are licensed under the Creative Commons Zero (CC0) license.<\/li>\n<\/ul>\n","protected":false},"excerpt":{"rendered":"<p>A weblap technikai adatai \u2013 Tulajdonos: Szab\u00f3 Kriszti\u00e1n \u2013 Telefon: +36 70 394 2614 \u2013 \u00dczemeltet\u0151: General Operation Building Kft. \u2013 Szerver, webhost: V-System Team Kft. \u2013 A honlap a ny\u00edlt forr\u00e1sk\u00f3d\u00fa&nbsp;WordPress&nbsp;tartalomszolg\u00e1ltat\u00f3 rendszer alatt fut. \u2013 Aj\u00e1nlott b\u00f6ng\u00e9sz\u0151: Mozilla Firefox, vagy Google Chrome, de a t\u00f6bbi b\u00f6ng\u00e9sz\u0151(Safari, Internet explorer) is tesztelt\u00fck a honlapot \u00e9s ezek [&hellip;]<\/p>\n","protected":false},"author":1,"featured_media":0,"parent":0,"menu_order":0,"comment_status":"closed","ping_status":"closed","template":"","meta":{"footnotes":""},"class_list":["post-124","page","type-page","status-publish","hentry"],"_links":{"self":[{"href":"https:\/\/geopbu.us\/wp_hu\/index.php?rest_route=\/wp\/v2\/pages\/124","targetHints":{"allow":["GET"]}}],"collection":[{"href":"https:\/\/geopbu.us\/wp_hu\/index.php?rest_route=\/wp\/v2\/pages"}],"about":[{"href":"https:\/\/geopbu.us\/wp_hu\/index.php?rest_route=\/wp\/v2\/types\/page"}],"author":[{"embeddable":true,"href":"https:\/\/geopbu.us\/wp_hu\/index.php?rest_route=\/wp\/v2\/users\/1"}],"replies":[{"embeddable":true,"href":"https:\/\/geopbu.us\/wp_hu\/index.php?rest_route=%2Fwp%2Fv2%2Fcomments&post=124"}],"version-history":[{"count":1,"href":"https:\/\/geopbu.us\/wp_hu\/index.php?rest_route=\/wp\/v2\/pages\/124\/revisions"}],"predecessor-version":[{"id":379,"href":"https:\/\/geopbu.us\/wp_hu\/index.php?rest_route=\/wp\/v2\/pages\/124\/revisions\/379"}],"wp:attachment":[{"href":"https:\/\/geopbu.us\/wp_hu\/index.php?rest_route=%2Fwp%2Fv2%2Fmedia&parent=124"}],"curies":[{"name":"wp","href":"https:\/\/api.w.org\/{rel}","templated":true}]}}