{"id":180,"date":"2020-03-02T13:50:59","date_gmt":"2020-03-02T13:50:59","guid":{"rendered":"http:\/\/geopbu.us\/wp_hu\/?page_id=180"},"modified":"2020-03-02T13:50:59","modified_gmt":"2020-03-02T13:50:59","slug":"hostess-szolgaltatas","status":"publish","type":"page","link":"https:\/\/geopbu.us\/wp_hu\/?page_id=180","title":{"rendered":"Hostess szolg\u00e1ltat\u00e1s"},"content":{"rendered":"\n<div class=\"wp-block-media-text alignwide has-media-on-the-right\" style=\"grid-template-columns:auto 23%\"><figure class=\"wp-block-media-text__media\"><img loading=\"lazy\" decoding=\"async\" width=\"545\" height=\"1024\" src=\"https:\/\/geopbu.us\/wp_hu\/wp-content\/uploads\/hostess-545x1024.png\" alt=\"\" class=\"wp-image-181\" srcset=\"https:\/\/geopbu.us\/wp_hu\/wp-content\/uploads\/hostess-545x1024.png 545w, https:\/\/geopbu.us\/wp_hu\/wp-content\/uploads\/hostess-160x300.png 160w, https:\/\/geopbu.us\/wp_hu\/wp-content\/uploads\/hostess-80x150.png 80w, https:\/\/geopbu.us\/wp_hu\/wp-content\/uploads\/hostess-768x1443.png 768w, https:\/\/geopbu.us\/wp_hu\/wp-content\/uploads\/hostess.png 802w\" sizes=\"auto, (max-width: 545px) 100vw, 545px\" \/><\/figure><div class=\"wp-block-media-text__content\">\n<h4 class=\"wp-block-heading\"> <strong>Szolg\u00e1ltat\u00e1sunk feladatai:<\/strong> <\/h4>\n\n\n\n<ul class=\"wp-block-list\"><li>Programban r\u00e9szt vev\u0151k tev\u00e9kenys\u00e9g\u00e9nek koordin\u00e1l\u00e1sa<br><\/li><li>Vend\u00e9gek fogad\u00e1sa, k\u00eds\u00e9rete, t\u00e1j\u00e9koztat\u00e1sa<br><\/li><li>Hivatalos rendezv\u00e9nyeken a t\u00e1rgyal\u00e1sok megszervez\u00e9se<br><\/li><li>T\u00e1rgyal\u00f3helyis\u00e9gek beoszt\u00e1sa<br><\/li><li>Reprezent\u00e1ci\u00f3s kell\u00e9kek beszerz\u00e9se<br><\/li><li>Tolm\u00e1csol\u00e1s<br><\/li><li>Italfelszolg\u00e1l\u00e1s<br><\/li><li>Hivatalos vend\u00e9gek utaz\u00e1s\u00e1nak, programj\u00e1nak szervez\u00e9se<br><\/li><li>Kokt\u00e9l partik, \u00e1ll\u00f3 fogad\u00e1sok, partik rendez\u00e9se, lebonyol\u00edt\u00e1sa<br><\/li><li>Megnyit\u00f3k, sajt\u00f3t\u00e1j\u00e9koztat\u00f3k, konferenci\u00e1k, rendez\u00e9se, lebonyol\u00edt\u00e1sa<br><\/li><li>Rep\u00fcl\u0151- \u00e9s vonatjegyek rendel\u00e9se<br><\/li><li>Aut\u00f3k\u00f6lcs\u00f6nz\u00e9s<br><\/li><li>Sz\u00e1ll\u00e1sfoglal\u00e1s<br><\/li><li>Bel\u00e9p\u0151jegyek megrendel\u00e9se<\/li><li>Vend\u00e9gek szem\u00e9lyes \u00fcgyeinek int\u00e9z\u00e9se, rendez\u00e9se<\/li><\/ul>\n<\/div><\/div>\n","protected":false},"excerpt":{"rendered":"<p>Szolg\u00e1ltat\u00e1sunk feladatai: Programban r\u00e9szt vev\u0151k tev\u00e9kenys\u00e9g\u00e9nek koordin\u00e1l\u00e1sa Vend\u00e9gek fogad\u00e1sa, k\u00eds\u00e9rete, t\u00e1j\u00e9koztat\u00e1sa Hivatalos rendezv\u00e9nyeken a t\u00e1rgyal\u00e1sok megszervez\u00e9se T\u00e1rgyal\u00f3helyis\u00e9gek beoszt\u00e1sa Reprezent\u00e1ci\u00f3s kell\u00e9kek beszerz\u00e9se Tolm\u00e1csol\u00e1s Italfelszolg\u00e1l\u00e1s Hivatalos vend\u00e9gek utaz\u00e1s\u00e1nak, programj\u00e1nak szervez\u00e9se Kokt\u00e9l partik, \u00e1ll\u00f3 fogad\u00e1sok, partik rendez\u00e9se, lebonyol\u00edt\u00e1sa Megnyit\u00f3k, sajt\u00f3t\u00e1j\u00e9koztat\u00f3k, konferenci\u00e1k, rendez\u00e9se, lebonyol\u00edt\u00e1sa Rep\u00fcl\u0151- \u00e9s vonatjegyek rendel\u00e9se Aut\u00f3k\u00f6lcs\u00f6nz\u00e9s Sz\u00e1ll\u00e1sfoglal\u00e1s Bel\u00e9p\u0151jegyek megrendel\u00e9se Vend\u00e9gek szem\u00e9lyes \u00fcgyeinek int\u00e9z\u00e9se, rendez\u00e9se<\/p>\n","protected":false},"author":1,"featured_media":0,"parent":0,"menu_order":0,"comment_status":"closed","ping_status":"closed","template":"","meta":{"footnotes":""},"class_list":["post-180","page","type-page","status-publish","hentry"],"_links":{"self":[{"href":"https:\/\/geopbu.us\/wp_hu\/index.php?rest_route=\/wp\/v2\/pages\/180","targetHints":{"allow":["GET"]}}],"collection":[{"href":"https:\/\/geopbu.us\/wp_hu\/index.php?rest_route=\/wp\/v2\/pages"}],"about":[{"href":"https:\/\/geopbu.us\/wp_hu\/index.php?rest_route=\/wp\/v2\/types\/page"}],"author":[{"embeddable":true,"href":"https:\/\/geopbu.us\/wp_hu\/index.php?rest_route=\/wp\/v2\/users\/1"}],"replies":[{"embeddable":true,"href":"https:\/\/geopbu.us\/wp_hu\/index.php?rest_route=%2Fwp%2Fv2%2Fcomments&post=180"}],"version-history":[{"count":0,"href":"https:\/\/geopbu.us\/wp_hu\/index.php?rest_route=\/wp\/v2\/pages\/180\/revisions"}],"wp:attachment":[{"href":"https:\/\/geopbu.us\/wp_hu\/index.php?rest_route=%2Fwp%2Fv2%2Fmedia&parent=180"}],"curies":[{"name":"wp","href":"https:\/\/api.w.org\/{rel}","templated":true}]}}