{"id":186,"date":"2020-03-02T13:53:41","date_gmt":"2020-03-02T13:53:41","guid":{"rendered":"http:\/\/geopbu.us\/wp_hu\/?page_id=186"},"modified":"2020-03-02T13:53:41","modified_gmt":"2020-03-02T13:53:41","slug":"takaritas-ho-mentesites","status":"publish","type":"page","link":"https:\/\/geopbu.us\/wp_hu\/?page_id=186","title":{"rendered":"Takar\u00edt\u00e1s, H\u00f3 mentes\u00edt\u00e9s"},"content":{"rendered":"\n<div class=\"wp-block-media-text alignwide has-media-on-the-right\"><figure class=\"wp-block-media-text__media\"><img loading=\"lazy\" decoding=\"async\" width=\"1024\" height=\"683\" src=\"https:\/\/geopbu.us\/wp_hu\/wp-content\/uploads\/cleaning_man-1024x683.jpg\" alt=\"\" class=\"wp-image-187\" srcset=\"https:\/\/geopbu.us\/wp_hu\/wp-content\/uploads\/cleaning_man-1024x683.jpg 1024w, https:\/\/geopbu.us\/wp_hu\/wp-content\/uploads\/cleaning_man-300x200.jpg 300w, https:\/\/geopbu.us\/wp_hu\/wp-content\/uploads\/cleaning_man-150x100.jpg 150w, https:\/\/geopbu.us\/wp_hu\/wp-content\/uploads\/cleaning_man-768x512.jpg 768w, https:\/\/geopbu.us\/wp_hu\/wp-content\/uploads\/cleaning_man-1536x1024.jpg 1536w, https:\/\/geopbu.us\/wp_hu\/wp-content\/uploads\/cleaning_man.jpg 1600w\" sizes=\"auto, (max-width: 1024px) 100vw, 1024px\" \/><\/figure><div class=\"wp-block-media-text__content\">\n<p style=\"text-align: justify;\">\nV\u00e1llalatunk a takar\u00edt\u00e1si tev\u00e9kenys\u00e9gben magas szint\u0171 min\u0151s\u00e9get ir\u00e1nyoz meg, mivel a takar\u00edt\u00e1si folyamat nem csak eszt\u00e9tikai feladat, hanem hig\u00e9niai fontoss\u00e1g\u00fa is,&nbsp;ez\u00e9rt a legmegfelel\u0151bb takar\u00edt\u00f3 eszk\u00f6z\u00f6ket, szereket \u00e9s tiszt\u00edt\u00e1s technol\u00f3gi\u00e1t alkalmazza minden takar\u00edtand\u00f3 fel\u00fcletn\u00e9l figyelembe v\u00e9ve a HACCP ir\u00e1nyelveit.<\/p>\n\n\n\n<p style=\"text-align: justify;\">\nMinden egyes takar\u00edtand\u00f3 fel\u00fcletre \u00e9s helys\u00e9gre k\u00fcl\u00f6n-k\u00fcl\u00f6n takar\u00edt\u00e1si folyamatot dolgozunk ki, az \u00e1lland\u00f3 \u00e9s id\u0151szakos takar\u00edt\u00e1sokra is.<\/p>\n\n\n\n<p style=\"text-align: justify;\">\nA takar\u00edt\u00e1si tev\u00e9kenys\u00e9g megtervez\u00e9s\u00e9be bevonjuk a tisztelt megb\u00edz\u00f3t, mert garant\u00e1lnunk kell a megb\u00edz\u00f3 mindennapi tev\u00e9kenys\u00e9g\u00e9nek zavartalans\u00e1g\u00e1t.<\/p>\n\n\n\n<p style=\"text-align: justify;\">\nMinden megb\u00edz\u00e1sunkat saj\u00e1t j\u00f3l bev\u00e1lt takar\u00edt\u00f3 eszk\u00f6z\u00f6kkel \u00e9s tiszt\u00edt\u00f3szerekkel v\u00e9gz\u00fck \u00fagy, hogy k\u00fcl\u00f6n d\u00edj felsz\u00e1m\u00edt\u00e1s\u00e1ra nem ker\u00fcl sor.<\/p>\n<\/div><\/div>\n","protected":false},"excerpt":{"rendered":"<p>V\u00e1llalatunk a takar\u00edt\u00e1si tev\u00e9kenys\u00e9gben magas szint\u0171 min\u0151s\u00e9get ir\u00e1nyoz meg, mivel a takar\u00edt\u00e1si folyamat nem csak eszt\u00e9tikai feladat, hanem hig\u00e9niai fontoss\u00e1g\u00fa is,&nbsp;ez\u00e9rt a legmegfelel\u0151bb takar\u00edt\u00f3 eszk\u00f6z\u00f6ket, szereket \u00e9s tiszt\u00edt\u00e1s technol\u00f3gi\u00e1t alkalmazza minden takar\u00edtand\u00f3 fel\u00fcletn\u00e9l figyelembe v\u00e9ve a HACCP ir\u00e1nyelveit. Minden egyes takar\u00edtand\u00f3 fel\u00fcletre \u00e9s helys\u00e9gre k\u00fcl\u00f6n-k\u00fcl\u00f6n takar\u00edt\u00e1si folyamatot dolgozunk ki, az \u00e1lland\u00f3 \u00e9s id\u0151szakos takar\u00edt\u00e1sokra is. [&hellip;]<\/p>\n","protected":false},"author":1,"featured_media":0,"parent":0,"menu_order":0,"comment_status":"closed","ping_status":"closed","template":"","meta":{"footnotes":""},"class_list":["post-186","page","type-page","status-publish","hentry"],"_links":{"self":[{"href":"https:\/\/geopbu.us\/wp_hu\/index.php?rest_route=\/wp\/v2\/pages\/186","targetHints":{"allow":["GET"]}}],"collection":[{"href":"https:\/\/geopbu.us\/wp_hu\/index.php?rest_route=\/wp\/v2\/pages"}],"about":[{"href":"https:\/\/geopbu.us\/wp_hu\/index.php?rest_route=\/wp\/v2\/types\/page"}],"author":[{"embeddable":true,"href":"https:\/\/geopbu.us\/wp_hu\/index.php?rest_route=\/wp\/v2\/users\/1"}],"replies":[{"embeddable":true,"href":"https:\/\/geopbu.us\/wp_hu\/index.php?rest_route=%2Fwp%2Fv2%2Fcomments&post=186"}],"version-history":[{"count":0,"href":"https:\/\/geopbu.us\/wp_hu\/index.php?rest_route=\/wp\/v2\/pages\/186\/revisions"}],"wp:attachment":[{"href":"https:\/\/geopbu.us\/wp_hu\/index.php?rest_route=%2Fwp%2Fv2%2Fmedia&parent=186"}],"curies":[{"name":"wp","href":"https:\/\/api.w.org\/{rel}","templated":true}]}}