{"id":195,"date":"2020-03-02T14:02:08","date_gmt":"2020-03-02T14:02:08","guid":{"rendered":"http:\/\/geopbu.us\/wp_hu\/?page_id=195"},"modified":"2020-03-02T14:02:08","modified_gmt":"2020-03-02T14:02:08","slug":"park-epites-gondozas","status":"publish","type":"page","link":"https:\/\/geopbu.us\/wp_hu\/?page_id=195","title":{"rendered":"Park \u00e9p\u00edt\u00e9s- gondoz\u00e1s"},"content":{"rendered":"\n<div class=\"wp-block-media-text alignwide has-media-on-the-right is-vertically-aligned-top\" style=\"grid-template-columns:auto 46%\"><figure class=\"wp-block-media-text__media\"><img loading=\"lazy\" decoding=\"async\" width=\"1024\" height=\"768\" src=\"https:\/\/geopbu.us\/wp_hu\/wp-content\/uploads\/20121107_124256-1024x768.jpg\" alt=\"\" class=\"wp-image-196\" srcset=\"https:\/\/geopbu.us\/wp_hu\/wp-content\/uploads\/20121107_124256-1024x768.jpg 1024w, https:\/\/geopbu.us\/wp_hu\/wp-content\/uploads\/20121107_124256-300x225.jpg 300w, https:\/\/geopbu.us\/wp_hu\/wp-content\/uploads\/20121107_124256-150x113.jpg 150w, https:\/\/geopbu.us\/wp_hu\/wp-content\/uploads\/20121107_124256-768x576.jpg 768w, https:\/\/geopbu.us\/wp_hu\/wp-content\/uploads\/20121107_124256-1536x1152.jpg 1536w, https:\/\/geopbu.us\/wp_hu\/wp-content\/uploads\/20121107_124256.jpg 2048w\" sizes=\"auto, (max-width: 1024px) 100vw, 1024px\" \/><\/figure><div class=\"wp-block-media-text__content\">\n<p style=\"text-align: justify;\">\nC\u00e9g\u00fcnk v\u00e1llalja mag\u00e1n ter\u00fcleti, k\u00f6zter\u00fcleti parkok gondoz\u00e1s\u00e1t, karbantart\u00e1s\u00e1t fel\u00fcgyelet\u00e9t,&nbsp;nagy odafigyel\u00e9ssel \u00e9s szak\u00e9rtelemmel l\u00e1tja el minden feladat\u00e1t.<\/p>\n\n\n\n<p style=\"text-align: justify;\">\nFontosnak tartjuk, hogy e rohan\u00f3 vil\u00e1gban az emberek ahol k\u00f6zlekednek, laknak vagy dolgoznak mindezt olyan k\u00f6r\u00fclm\u00e9nyek k\u00f6z\u00f6tt tegy\u00e9k, hogy az maxim\u00e1lis \u00f6r\u00f6m\u00f6t ny\u00fajtson sz\u00e1mukra \u00e9s olyan l\u00e1tv\u00e1ny t\u00e1ruljon el\u00e9j\u00fck nap mint nap, hogy az r\u00e9sz\u00fckre kellemes \u00e9s megnyugtat\u00f3 legyen!<\/p>\n\n\n\n<p style=\"text-align: justify;\">\nKellemes k\u00f6r\u00fclm\u00e9nyek k\u00f6zt dolgozni, lakni \u00e9s \u00e9lni egyenesen ar\u00e1nyos a megnyugv\u00e1ssal egy fesz\u00fclts\u00e9ggel teli nap ut\u00e1n vagy nap k\u00f6zben olyan k\u00f6zter\u00fcleti parkban le\u00fclni egy padra ahol kellemes l\u00e1tv\u00e1ny t\u00e1rul az ember el\u00e9!<\/p>\n\n\n\n<p style=\"text-align: justify;\">\nC\u00e9g\u00fcnk garant\u00e1lja, hogy a v\u00e1rosok parkjai k\u00f6zter\u00fcletei vagy \u00e9ppen az \u00f6n c\u00e9ge udvara olyan l\u00e1tv\u00e1nyt ny\u00fajt majd \u00f6nnek ami elk\u00e9peszt\u0151 nyugalmat \u00e1raszt majd mag\u00e1b\u00f3l!<\/p>\n\n\n\n<p class=\"has-text-align-center\"><em>Mindent megtesz\u00fcnk annak \u00e9rdek\u00e9ben, hogy napi feladatok ell\u00e1t\u00e1sa ne zavarja megb\u00edz\u00f3nk nyugalm\u00e1t!<\/em><\/p>\n<\/div><\/div>\n","protected":false},"excerpt":{"rendered":"<p>C\u00e9g\u00fcnk v\u00e1llalja mag\u00e1n ter\u00fcleti, k\u00f6zter\u00fcleti parkok gondoz\u00e1s\u00e1t, karbantart\u00e1s\u00e1t fel\u00fcgyelet\u00e9t,&nbsp;nagy odafigyel\u00e9ssel \u00e9s szak\u00e9rtelemmel l\u00e1tja el minden feladat\u00e1t. Fontosnak tartjuk, hogy e rohan\u00f3 vil\u00e1gban az emberek ahol k\u00f6zlekednek, laknak vagy dolgoznak mindezt olyan k\u00f6r\u00fclm\u00e9nyek k\u00f6z\u00f6tt tegy\u00e9k, hogy az maxim\u00e1lis \u00f6r\u00f6m\u00f6t ny\u00fajtson sz\u00e1mukra \u00e9s olyan l\u00e1tv\u00e1ny t\u00e1ruljon el\u00e9j\u00fck nap mint nap, hogy az r\u00e9sz\u00fckre kellemes \u00e9s megnyugtat\u00f3 legyen! [&hellip;]<\/p>\n","protected":false},"author":1,"featured_media":0,"parent":0,"menu_order":0,"comment_status":"closed","ping_status":"closed","template":"","meta":{"footnotes":""},"class_list":["post-195","page","type-page","status-publish","hentry"],"_links":{"self":[{"href":"https:\/\/geopbu.us\/wp_hu\/index.php?rest_route=\/wp\/v2\/pages\/195","targetHints":{"allow":["GET"]}}],"collection":[{"href":"https:\/\/geopbu.us\/wp_hu\/index.php?rest_route=\/wp\/v2\/pages"}],"about":[{"href":"https:\/\/geopbu.us\/wp_hu\/index.php?rest_route=\/wp\/v2\/types\/page"}],"author":[{"embeddable":true,"href":"https:\/\/geopbu.us\/wp_hu\/index.php?rest_route=\/wp\/v2\/users\/1"}],"replies":[{"embeddable":true,"href":"https:\/\/geopbu.us\/wp_hu\/index.php?rest_route=%2Fwp%2Fv2%2Fcomments&post=195"}],"version-history":[{"count":0,"href":"https:\/\/geopbu.us\/wp_hu\/index.php?rest_route=\/wp\/v2\/pages\/195\/revisions"}],"wp:attachment":[{"href":"https:\/\/geopbu.us\/wp_hu\/index.php?rest_route=%2Fwp%2Fv2%2Fmedia&parent=195"}],"curies":[{"name":"wp","href":"https:\/\/api.w.org\/{rel}","templated":true}]}}