{"id":229,"date":"2020-03-03T10:23:17","date_gmt":"2020-03-03T10:23:17","guid":{"rendered":"http:\/\/geopbu.us\/?page_id=229"},"modified":"2022-11-10T15:07:30","modified_gmt":"2022-11-10T15:07:30","slug":"szolgaltatasaink","status":"publish","type":"page","link":"https:\/\/geopbu.us\/wp_hu\/?page_id=229","title":{"rendered":"Szolg\u00e1ltat\u00e1saink"},"content":{"rendered":"\r\n<div class=\"wp-block-columns is-layout-flex wp-container-core-columns-is-layout-9d6595d7 wp-block-columns-is-layout-flex\">\r\n<div class=\"wp-block-column is-layout-flow wp-block-column-is-layout-flow\">\r\n<ul class=\"wp-block-list\">\r\n<li><a href=\"https:\/\/geopbu.us\/wp_hu\/?page_id=106\">Facility Management<\/a><\/li>\r\n<li><a href=\"https:\/\/geopbu.us\/wp_hu\/?page_id=109\">Rep\u00fcl\u0151terek kiszolg\u00e1l\u00e1sa<\/a><\/li>\r\n<li><a href=\"https:\/\/geopbu.us\/wp_hu\/?page_id=172\">Rakod\u00e1s- sz\u00e1ll\u00edtm\u00e1nyoz\u00e1s<\/a><\/li>\r\n<li><a href=\"https:\/\/geopbu.us\/wp_hu\/?page_id=176\">Fut\u00e1r szolg\u00e1ltat\u00e1s<\/a><\/li>\r\n<li><a href=\"https:\/\/geopbu.us\/wp_hu\/?page_id=180\">Hostess szolg\u00e1ltat\u00e1s<\/a><\/li>\r\n<li><a href=\"https:\/\/geopbu.us\/wp_hu\/?page_id=186\">Takar\u00edt\u00e1s, H\u00f3 mentes\u00edt\u00e9s<\/a><\/li>\r\n<li><a href=\"https:\/\/geopbu.us\/wp_hu\/?page_id=190\">J\u00e1tsz\u00f3terek \u00e9p\u00edt\u00e9se<\/a><\/li>\r\n<li><a href=\"https:\/\/geopbu.us\/wp_hu\/?page_id=195\">Park \u00e9p\u00edt\u00e9s- gondoz\u00e1s<\/a><\/li>\r\n<\/ul>\r\n<\/div>\r\n\r\n\r\n\r\n<div class=\"wp-block-column is-layout-flow wp-block-column-is-layout-flow\">\r\n<div class=\"wp-block-image\">\r\n<figure class=\"alignleft size-large is-resized\"><img loading=\"lazy\" decoding=\"async\" class=\"wp-image-261\" src=\"https:\/\/geopbu.us\/wp_hu\/wp-content\/uploads\/mont\u00e1zs-543x1024.png\" alt=\"\" width=\"150\" height=\"260\" \/><\/figure>\r\n<\/div>\r\n<\/div>\r\n<\/div>\r\n","protected":false},"excerpt":{"rendered":"<p>Facility Management Rep\u00fcl\u0151terek kiszolg\u00e1l\u00e1sa Rakod\u00e1s- sz\u00e1ll\u00edtm\u00e1nyoz\u00e1s Fut\u00e1r szolg\u00e1ltat\u00e1s Hostess szolg\u00e1ltat\u00e1s Takar\u00edt\u00e1s, H\u00f3 mentes\u00edt\u00e9s J\u00e1tsz\u00f3terek \u00e9p\u00edt\u00e9se Park \u00e9p\u00edt\u00e9s- gondoz\u00e1s<\/p>\n","protected":false},"author":1,"featured_media":0,"parent":0,"menu_order":0,"comment_status":"closed","ping_status":"closed","template":"","meta":{"footnotes":""},"class_list":["post-229","page","type-page","status-publish","hentry"],"_links":{"self":[{"href":"https:\/\/geopbu.us\/wp_hu\/index.php?rest_route=\/wp\/v2\/pages\/229","targetHints":{"allow":["GET"]}}],"collection":[{"href":"https:\/\/geopbu.us\/wp_hu\/index.php?rest_route=\/wp\/v2\/pages"}],"about":[{"href":"https:\/\/geopbu.us\/wp_hu\/index.php?rest_route=\/wp\/v2\/types\/page"}],"author":[{"embeddable":true,"href":"https:\/\/geopbu.us\/wp_hu\/index.php?rest_route=\/wp\/v2\/users\/1"}],"replies":[{"embeddable":true,"href":"https:\/\/geopbu.us\/wp_hu\/index.php?rest_route=%2Fwp%2Fv2%2Fcomments&post=229"}],"version-history":[{"count":4,"href":"https:\/\/geopbu.us\/wp_hu\/index.php?rest_route=\/wp\/v2\/pages\/229\/revisions"}],"predecessor-version":[{"id":332,"href":"https:\/\/geopbu.us\/wp_hu\/index.php?rest_route=\/wp\/v2\/pages\/229\/revisions\/332"}],"wp:attachment":[{"href":"https:\/\/geopbu.us\/wp_hu\/index.php?rest_route=%2Fwp%2Fv2%2Fmedia&parent=229"}],"curies":[{"name":"wp","href":"https:\/\/api.w.org\/{rel}","templated":true}]}}