{"id":6,"date":"2018-12-13T16:42:30","date_gmt":"2018-12-13T16:42:30","guid":{"rendered":"http:\/\/geopbu.us\/new-page\/"},"modified":"2022-03-04T12:17:38","modified_gmt":"2022-03-04T12:17:38","slug":"new-page","status":"publish","type":"page","link":"https:\/\/geopbu.us\/wp_hu\/","title":{"rendered":"Kezd\u0151lap"},"content":{"rendered":"<div class=\"gob-content-layout-wrapper layout-item-0\">\n<div class=\"gob-content-layout\">\n<div class=\"gob-content-layout-row\">\n<div class=\"gob-layout-cell layout-item-1\" style=\"width: 100%;\">\n<p style=\"text-align: justify;\"><img loading=\"lazy\" decoding=\"async\" class=\"alignright  wp-image-261\" src=\"http:\/\/geopbu.us\/wp-content\/uploads\/mont\u00e1zs-543x1024.png\" alt=\"\" width=\"197\" height=\"372\" srcset=\"https:\/\/geopbu.us\/wp_hu\/wp-content\/uploads\/mont\u00e1zs-543x1024.png 543w, https:\/\/geopbu.us\/wp_hu\/wp-content\/uploads\/mont\u00e1zs-159x300.png 159w, https:\/\/geopbu.us\/wp_hu\/wp-content\/uploads\/mont\u00e1zs-79x150.png 79w, https:\/\/geopbu.us\/wp_hu\/wp-content\/uploads\/mont\u00e1zs-768x1449.png 768w, https:\/\/geopbu.us\/wp_hu\/wp-content\/uploads\/mont\u00e1zs-814x1536.png 814w, https:\/\/geopbu.us\/wp_hu\/wp-content\/uploads\/mont\u00e1zs.png 965w\" sizes=\"auto, (max-width: 197px) 100vw, 197px\" \/>A General Operation Building Kft egy kimagasl\u00f3 sz\u00ednvonal\u00fa, kiz\u00e1r\u00f3lag magas szinten k\u00e9pzett munkat\u00e1rsakat alkalmaz\u00f3, t\u00f6bb szakter\u00fcleten jelenl\u00e9v\u0151 v\u00e1llalkoz\u00e1s. A v\u00e1llalkoz\u00e1sunk a vil\u00e1g b\u00e1rmely orsz\u00e1g\u00e1ban, valamennyi olyan munkater\u00fcleten tev\u00e9kenykedik, amely az adott orsz\u00e1g t\u00f6rv\u00e9nyrendelkez\u00e9seivel nem \u00fctk\u00f6zik.<\/p>\n<p style=\"text-align: justify;\">Tev\u00e9kenys\u00e9g\u00fcnk sor\u00e1n kiemelt figyelmet ford\u00edtunk megb\u00edz\u00f3ink \u00e9rdekeire, melyet szem el\u0151tt tartva, legjobb tud\u00e1sunk szerint hajtjuk v\u00e9gre a r\u00e1nk b\u00edzott feladatokat.<\/p>\n<p style=\"text-align: justify;\">A c\u00e9g vezet\u0151i szakmailag elismertek a nemzetk\u00f6zi szakter\u00fcleteken.<br \/>\nA szem\u00e9lyek, vagyonunk, \u00e9p\u00fcleteink, rep\u00fcl\u0151tereink, valamint adataink v\u00e9delme m\u00e1ra olyan \u00f6sszetett feladatt\u00e1 v\u00e1lt, hogy kimagasl\u00f3 sz\u00ednvonal\u00fa szolg\u00e1ltat\u00e1st ny\u00fajtsunk \u00e9s kiz\u00e1r\u00f3lag magas szinten k\u00e9pzett munkat\u00e1rsakat alkalmazzunk, akik folyamatos tov\u00e1bbk\u00e9pz\u00e9seken vesznek r\u00e9szt. Tev\u00e9kenys\u00e9g\u00fcnk sor\u00e1n folyamatosan egy\u00fcttm\u0171k\u00f6d\u00fcnk a hat\u00f3s\u00e1gokkal, szakmai szervezetekkel, folyamatosan b\u0151v\u00edtve partnerkapcsolatainkat, ezzel is hat\u00e9konyabb\u00e1 t\u00e9ve a r\u00e1nk b\u00edzott feladatok v\u00e9grehajt\u00e1s\u00e1t.<br \/>\nC\u00e9g\u00fcnk a lehetetlent nem ismeri \u00e9s a legsz\u00e9ls\u0151s\u00e9gesebb esetekben is a megkeresi a probl\u00e9ma megold\u00e1s\u00e1t.<\/p>\n<p style=\"text-align: justify;\">Rem\u00e9lj\u00fck, bemutatkoz\u00e1sunk elnyeri tetsz\u00e9s\u00e9t \u00e9s egy szem\u00e9lyes tal\u00e1lkoz\u00f3n bemutathatjuk \u00e9s ismertethetj\u00fck b\u0151vebben tev\u00e9kenys\u00e9geinket. K\u00e9rj\u00fck, tekintse meg a szolg\u00e1ltat\u00e1saink men\u00fcpontot, referenci\u00e1inkat.<\/p>\n<p>Tisztelettel: C\u00e9g\u00fcnk tulajdonosai \u00e9s c\u00e9gvezet\u0151i<\/p>\n<\/div>\n<\/div>\n<\/div>\n<\/div>\n","protected":false},"excerpt":{"rendered":"<p>A General Operation Building Kft egy kimagasl\u00f3 sz\u00ednvonal\u00fa, kiz\u00e1r\u00f3lag magas szinten k\u00e9pzett munkat\u00e1rsakat alkalmaz\u00f3, t\u00f6bb szakter\u00fcleten jelenl\u00e9v\u0151 v\u00e1llalkoz\u00e1s. A v\u00e1llalkoz\u00e1sunk a vil\u00e1g b\u00e1rmely orsz\u00e1g\u00e1ban, valamennyi olyan munkater\u00fcleten tev\u00e9kenykedik, amely az adott orsz\u00e1g t\u00f6rv\u00e9nyrendelkez\u00e9seivel nem \u00fctk\u00f6zik. Tev\u00e9kenys\u00e9g\u00fcnk sor\u00e1n kiemelt figyelmet ford\u00edtunk megb\u00edz\u00f3ink \u00e9rdekeire, melyet szem el\u0151tt tartva, legjobb tud\u00e1sunk szerint hajtjuk v\u00e9gre a r\u00e1nk b\u00edzott feladatokat. [&hellip;]<\/p>\n","protected":false},"author":1,"featured_media":0,"parent":0,"menu_order":1,"comment_status":"closed","ping_status":"closed","template":"","meta":{"footnotes":""},"class_list":["post-6","page","type-page","status-publish","hentry"],"_links":{"self":[{"href":"https:\/\/geopbu.us\/wp_hu\/index.php?rest_route=\/wp\/v2\/pages\/6","targetHints":{"allow":["GET"]}}],"collection":[{"href":"https:\/\/geopbu.us\/wp_hu\/index.php?rest_route=\/wp\/v2\/pages"}],"about":[{"href":"https:\/\/geopbu.us\/wp_hu\/index.php?rest_route=\/wp\/v2\/types\/page"}],"author":[{"embeddable":true,"href":"https:\/\/geopbu.us\/wp_hu\/index.php?rest_route=\/wp\/v2\/users\/1"}],"replies":[{"embeddable":true,"href":"https:\/\/geopbu.us\/wp_hu\/index.php?rest_route=%2Fwp%2Fv2%2Fcomments&post=6"}],"version-history":[{"count":0,"href":"https:\/\/geopbu.us\/wp_hu\/index.php?rest_route=\/wp\/v2\/pages\/6\/revisions"}],"wp:attachment":[{"href":"https:\/\/geopbu.us\/wp_hu\/index.php?rest_route=%2Fwp%2Fv2%2Fmedia&parent=6"}],"curies":[{"name":"wp","href":"https:\/\/api.w.org\/{rel}","templated":true}]}}