{"id":62,"date":"2019-03-07T15:53:53","date_gmt":"2019-03-07T15:53:53","guid":{"rendered":"http:\/\/geopbu.us\/wp_hu\/?page_id=62"},"modified":"2020-03-03T13:36:51","modified_gmt":"2020-03-03T13:36:51","slug":"cegadatok","status":"publish","type":"page","link":"https:\/\/geopbu.us\/wp_hu\/?page_id=62","title":{"rendered":"C\u00e9gadatok"},"content":{"rendered":"\n<div class=\"wp-block-columns is-layout-flex wp-container-core-columns-is-layout-9d6595d7 wp-block-columns-is-layout-flex\">\n<div class=\"wp-block-column is-layout-flow wp-block-column-is-layout-flow\">\n<br>&nbsp;\n\n\n\n<ul class=\"wp-block-list\"><li><strong>C\u00e9g n\u00e9v:<\/strong>\u00a0General Operation Building Kft.<br><br><\/li><li><strong>C\u00e9gjegyz\u00e9ksz\u00e1m:<\/strong>\u00a001-09-181341<br><br><\/li><li><strong>Sz\u00e9khely:<\/strong>\u00a01152 Budapest, Szentmih\u00e1lyi \u00fat 131. P\u00f3lus Center, Wall Street 21.<br><br><\/li><li><strong>K\u00e9pviseletre jogosult:<\/strong>\u00a0Szab\u00f3 Kriszti\u00e1nn\u00e9 \u2013 \u00fcgyvezet\u0151<br><br><\/li><li><strong>Statisztikai sz\u00e1mjele:\u00a0<\/strong>24769099-8110-113-01<br><br><\/li><li><strong>Ad\u00f3sz\u00e1m:<\/strong>\u00a024769099-2-42<br><br><\/li><li><strong>K\u00f6z\u00f6ss\u00e9gi ad\u00f3sz\u00e1m<\/strong>:\u00a0HU24769099<br><br><\/li><li><strong>A c\u00e9g p\u00e9nzforgalmi jelz\u0151sz\u00e1ma:<\/strong>\u00a012030004-01423913-00100000  <\/li><\/ul>\n<\/div>\n\n\n\n<div class=\"wp-block-column is-layout-flow wp-block-column-is-layout-flow\">\n<div class=\"wp-block-image is-style-default\"><figure class=\"aligncenter size-large is-resized\"><img loading=\"lazy\" decoding=\"async\" src=\"http:\/\/geopbu.us\/wp-content\/uploads\/pngwave.png\" alt=\"\" class=\"wp-image-277\" width=\"350\" height=\"350\" srcset=\"https:\/\/geopbu.us\/wp_hu\/wp-content\/uploads\/pngwave.png 600w, https:\/\/geopbu.us\/wp_hu\/wp-content\/uploads\/pngwave-300x300.png 300w, https:\/\/geopbu.us\/wp_hu\/wp-content\/uploads\/pngwave-150x150.png 150w\" sizes=\"auto, (max-width: 350px) 100vw, 350px\" \/><\/figure><\/div>\n<\/div>\n<\/div>\n","protected":false},"excerpt":{"rendered":"<p>&nbsp; C\u00e9g n\u00e9v:\u00a0General Operation Building Kft. C\u00e9gjegyz\u00e9ksz\u00e1m:\u00a001-09-181341 Sz\u00e9khely:\u00a01152 Budapest, Szentmih\u00e1lyi \u00fat 131. P\u00f3lus Center, Wall Street 21. K\u00e9pviseletre jogosult:\u00a0Szab\u00f3 Kriszti\u00e1nn\u00e9 \u2013 \u00fcgyvezet\u0151 Statisztikai sz\u00e1mjele:\u00a024769099-8110-113-01 Ad\u00f3sz\u00e1m:\u00a024769099-2-42 K\u00f6z\u00f6ss\u00e9gi ad\u00f3sz\u00e1m:\u00a0HU24769099 A c\u00e9g p\u00e9nzforgalmi jelz\u0151sz\u00e1ma:\u00a012030004-01423913-00100000<\/p>\n","protected":false},"author":1,"featured_media":0,"parent":0,"menu_order":0,"comment_status":"closed","ping_status":"closed","template":"","meta":{"footnotes":""},"class_list":["post-62","page","type-page","status-publish","hentry"],"_links":{"self":[{"href":"https:\/\/geopbu.us\/wp_hu\/index.php?rest_route=\/wp\/v2\/pages\/62","targetHints":{"allow":["GET"]}}],"collection":[{"href":"https:\/\/geopbu.us\/wp_hu\/index.php?rest_route=\/wp\/v2\/pages"}],"about":[{"href":"https:\/\/geopbu.us\/wp_hu\/index.php?rest_route=\/wp\/v2\/types\/page"}],"author":[{"embeddable":true,"href":"https:\/\/geopbu.us\/wp_hu\/index.php?rest_route=\/wp\/v2\/users\/1"}],"replies":[{"embeddable":true,"href":"https:\/\/geopbu.us\/wp_hu\/index.php?rest_route=%2Fwp%2Fv2%2Fcomments&post=62"}],"version-history":[{"count":0,"href":"https:\/\/geopbu.us\/wp_hu\/index.php?rest_route=\/wp\/v2\/pages\/62\/revisions"}],"wp:attachment":[{"href":"https:\/\/geopbu.us\/wp_hu\/index.php?rest_route=%2Fwp%2Fv2%2Fmedia&parent=62"}],"curies":[{"name":"wp","href":"https:\/\/api.w.org\/{rel}","templated":true}]}}